{"id":1302,"date":"2022-03-01T17:54:42","date_gmt":"2022-03-01T15:54:42","guid":{"rendered":"http:\/\/hirsi.geetechnology.fi\/activities\/"},"modified":"2025-03-10T16:13:31","modified_gmt":"2025-03-10T14:13:31","slug":"activities","status":"publish","type":"page","link":"https:\/\/www.hirsihuvilat.com\/en\/activities\/","title":{"rendered":"Activities"},"content":{"rendered":"\n<h2 class=\"wp-block-heading has-medium-font-size\" id=\"elamyksellisia-kokemuksia-puhtaan-luonnon-aarella\" style=\"font-style:normal;font-weight:600\">Activities in Hauho during your vacation &#8211; Creating Memorable Experiences<\/h2>\n\n<h3 class=\"wp-block-heading has-medium-font-size\" id=\"lisaksi-leppaniemen-omina-erikoisuuksina\" style=\"font-style:normal;font-weight:400\">In addition Lepp\u00e4niemi&#8217;s own specialties:<\/h3>\n\n<div class=\"wp-block-cover\" style=\"min-height:300px;aspect-ratio:unset;\"><span aria-hidden=\"true\" class=\"wp-block-cover__background has-background-dim\" style=\"background-color:#707c63\"><\/span><img data-recalc-dims=\"1\" fetchpriority=\"high\" decoding=\"async\" width=\"950\" height=\"713\" class=\"wp-block-cover__image-background wp-image-6487\" alt=\"\" src=\"https:\/\/i0.wp.com\/www.hirsihuvilat.com\/wp-content\/uploads\/2024\/10\/Tekemista-Hameenlinnassa.webp?resize=950%2C713&#038;ssl=1\" style=\"object-position:61% 32%\" data-object-fit=\"cover\" data-object-position=\"61% 32%\" srcset=\"https:\/\/i0.wp.com\/www.hirsihuvilat.com\/wp-content\/uploads\/2024\/10\/Tekemista-Hameenlinnassa.webp?w=1366&amp;ssl=1 1366w, https:\/\/i0.wp.com\/www.hirsihuvilat.com\/wp-content\/uploads\/2024\/10\/Tekemista-Hameenlinnassa.webp?resize=600%2C450&amp;ssl=1 600w\" sizes=\"(max-width: 950px) 100vw, 950px\" \/><div class=\"wp-block-cover__inner-container has-global-padding is-layout-constrained wp-block-cover-is-layout-constrained\">\n<p class=\"has-text-align-center has-light-gray-color has-text-color has-link-color has-large-font-size wp-elements-eea5e304e940f7d381d7868c0e66266b\"><a href=\"https:\/\/www.hirsihuvilat.com\/en\/activities\/the-grassland-game-arena\/\" target=\"_blank\" rel=\"noopener\">Fun guided games on the large grassland<\/a><\/p>\n<\/div><\/div>\n\n<div class=\"wp-block-cover is-light\" style=\"min-height:300px;aspect-ratio:unset;\"><span aria-hidden=\"true\" class=\"wp-block-cover__background has-background-dim\" style=\"background-color:#8b9879\"><\/span><img data-recalc-dims=\"1\" decoding=\"async\" width=\"950\" height=\"713\" class=\"wp-block-cover__image-background wp-image-6323\" alt=\"\" src=\"https:\/\/i0.wp.com\/www.hirsihuvilat.com\/wp-content\/uploads\/2024\/09\/harkalinnan_frisbeegolfrata.webp?resize=950%2C713&#038;ssl=1\" style=\"object-position:70% 35%\" data-object-fit=\"cover\" data-object-position=\"70% 35%\" srcset=\"https:\/\/i0.wp.com\/www.hirsihuvilat.com\/wp-content\/uploads\/2024\/09\/harkalinnan_frisbeegolfrata.webp?w=1000&amp;ssl=1 1000w, https:\/\/i0.wp.com\/www.hirsihuvilat.com\/wp-content\/uploads\/2024\/09\/harkalinnan_frisbeegolfrata.webp?resize=600%2C450&amp;ssl=1 600w\" sizes=\"(max-width: 950px) 100vw, 950px\" \/><div class=\"wp-block-cover__inner-container has-global-padding is-layout-constrained wp-block-cover-is-layout-constrained\">\n<p class=\"has-text-align-center has-light-gray-color has-text-color has-link-color has-large-font-size wp-elements-cd41b04ca70f52e3fb5f9434e2f1f373\"><a href=\"https:\/\/www.hirsihuvilat.com\/en\/activities\/harkalinna-dics-golf\/\" target=\"_blank\" rel=\"noopener\">21-hole disc golf course<\/a><\/p>\n<\/div><\/div>\n\n<div class=\"wp-block-cover is-light\" style=\"min-height:300px;aspect-ratio:unset;\"><span aria-hidden=\"true\" class=\"wp-block-cover__background has-background-dim\" style=\"background-color:#c9b492\"><\/span><img data-recalc-dims=\"1\" decoding=\"async\" width=\"950\" height=\"713\" class=\"wp-block-cover__image-background wp-image-7207\" alt=\"\" src=\"https:\/\/i0.wp.com\/www.hirsihuvilat.com\/wp-content\/uploads\/2025\/03\/lautta.jpg?resize=950%2C713&#038;ssl=1\" style=\"object-position:40% 65%\" data-object-fit=\"cover\" data-object-position=\"40% 65%\" srcset=\"https:\/\/i0.wp.com\/www.hirsihuvilat.com\/wp-content\/uploads\/2025\/03\/lautta.jpg?w=1024&amp;ssl=1 1024w, https:\/\/i0.wp.com\/www.hirsihuvilat.com\/wp-content\/uploads\/2025\/03\/lautta.jpg?resize=600%2C450&amp;ssl=1 600w\" sizes=\"(max-width: 950px) 100vw, 950px\" \/><div class=\"wp-block-cover__inner-container has-global-padding is-layout-constrained wp-block-cover-is-layout-constrained\">\n<p class=\"has-text-align-center has-light-gray-color has-text-color has-link-color has-large-font-size wp-elements-881ef6827053be8c6df46d06e51ce2fb\"><a href=\"https:\/\/www.hirsihuvilat.com\/en\/activities\/cruises-on-the-lake-with-custom-built-raft\/\" target=\"_blank\" rel=\"noopener\">Pleasure cruises on the lake with a custom-built raft<\/a><\/p>\n<\/div><\/div>\n\n<p>In addition to a traditional vacationing in a cottage Lepp\u00e4niemi provides you with possibilities for fantastic activities according to the season and your own skills.<\/p>\n\n<ul class=\"wp-block-list\">\n<li><a href=\"https:\/\/www.hirsihuvilat.com\/en\/activities\/hot-tubs\/\" target=\"_blank\" rel=\"noopener\">Hot tubs for rent<\/a><\/li>\n\n\n\n<li><a href=\"https:\/\/www.hirsihuvilat.com\/en\/activities\/fishing-and-boating\/\" target=\"_blank\" rel=\"noopener\">Catching fish and freshwater crab in different ways in great fishing waters<\/a><\/li>\n\n\n\n<li>Harvesting the bounty of the forests \u2013 picking forest berries and wild mushroom<\/li>\n\n\n\n<li>Using the forest hut for BBQ or just for enjoying your snacks while exploring the forest<\/li>\n\n\n\n<li>Using the beach campfire for BBQ or just for watching the flames while sitting with friends<\/li>\n\n\n\n<li>Hiking or just enjoying the primeval forest in the 54 ha nature reserve<\/li>\n\n\n\n<li>Smoking your catch of the day in one of the two available barrel grill\/smokers<\/li>\n\n\n\n<li>Playing badminton or volleyball<\/li>\n\n\n\n<li>In the winter (weather allowing), skiing along the network of tracks along the frozen lake, fields and forest<\/li>\n\n\n\n<li>or ice fishing, ice skating or ice swimming (on request).<\/li>\n<\/ul>\n\n<div class=\"wp-block-jetpack-tiled-gallery aligncenter is-style-rectangular\">\r\n<div class=\"\">\r\n<div class=\"tiled-gallery__gallery\">\r\n<div class=\"tiled-gallery__row\">\r\n<div class=\"tiled-gallery__col\" style=\"flex-basis: 66.77402%;\">\r\n<figure class=\"tiled-gallery__item\"><img decoding=\"async\" role=\"button\" tabindex=\"0\" aria-label=\"Open image 1 of 7 in full-screen\"srcset=\"https:\/\/i0.wp.com\/www.hirsihuvilat.com\/wp-content\/uploads\/2024\/12\/lapsetmetsassa.jpg?strip=info&#038;w=600&#038;ssl=1 600w,https:\/\/i0.wp.com\/www.hirsihuvilat.com\/wp-content\/uploads\/2024\/12\/lapsetmetsassa.jpg?strip=info&#038;w=800&#038;ssl=1 800w\" role=\"button\" src=\"https:\/\/i0.wp.com\/www.hirsihuvilat.com\/wp-content\/uploads\/2024\/12\/lapsetmetsassa.jpg?ssl=1\" alt=\"\" data-height=\"600\" data-id=\"6816\" data-link=\"https:\/\/www.hirsihuvilat.com\/lapsetmetsassa\/\" data-url=\"https:\/\/www.hirsihuvilat.com\/wp-content\/uploads\/2024\/12\/lapsetmetsassa.jpg\" data-width=\"800\" data-amp-layout=\"responsive\" aria-label=\"Open image 1 of 7 in full-screen\" \/><\/figure>\r\n<\/div>\r\n<div class=\"tiled-gallery__col\" style=\"flex-basis: 33.22598%;\">\r\n<figure class=\"tiled-gallery__item\"><img decoding=\"async\" role=\"button\" tabindex=\"0\" aria-label=\"Open image 2 of 7 in full-screen\"srcset=\"https:\/\/i0.wp.com\/www.hirsihuvilat.com\/wp-content\/uploads\/2023\/07\/Ystavat-paljussa-Hauholla-Leppaniemessa-1024x768.jpg?strip=info&#038;w=600&#038;ssl=1 600w,https:\/\/i0.wp.com\/www.hirsihuvilat.com\/wp-content\/uploads\/2023\/07\/Ystavat-paljussa-Hauholla-Leppaniemessa-1024x768.jpg?strip=info&#038;w=900&#038;ssl=1 900w,https:\/\/i0.wp.com\/www.hirsihuvilat.com\/wp-content\/uploads\/2023\/07\/Ystavat-paljussa-Hauholla-Leppaniemessa-1024x768.jpg?strip=info&#038;w=1200&#038;ssl=1 1200w,https:\/\/i0.wp.com\/www.hirsihuvilat.com\/wp-content\/uploads\/2023\/07\/Ystavat-paljussa-Hauholla-Leppaniemessa-1024x768.jpg?strip=info&#038;w=1500&#038;ssl=1 1500w,https:\/\/i0.wp.com\/www.hirsihuvilat.com\/wp-content\/uploads\/2023\/07\/Ystavat-paljussa-Hauholla-Leppaniemessa-1024x768.jpg?strip=info&#038;w=1800&#038;ssl=1 1800w,https:\/\/i0.wp.com\/www.hirsihuvilat.com\/wp-content\/uploads\/2023\/07\/Ystavat-paljussa-Hauholla-Leppaniemessa-1024x768.jpg?strip=info&#038;w=1920&#038;ssl=1 1920w\" role=\"button\" src=\"https:\/\/i0.wp.com\/www.hirsihuvilat.com\/wp-content\/uploads\/2023\/07\/Ystavat-paljussa-Hauholla-Leppaniemessa-1024x768.jpg?ssl=1\" alt=\"Yst\u00e4v\u00e4t nauttimassa Iso-Roineen maisemista paljussa Hauholla Lepp\u00e4niemess\u00e4\" data-height=\"1440\" data-id=\"4151\" data-link=\"https:\/\/www.hirsihuvilat.com\/ystavat-paljussa-hauholla-leppaniemessa\/\" data-url=\"https:\/\/www.hirsihuvilat.com\/wp-content\/uploads\/2023\/07\/Ystavat-paljussa-Hauholla-Leppaniemessa-1024x768.jpg\" data-width=\"1920\" data-amp-layout=\"responsive\" aria-label=\"Open image 2 of 7 in full-screen\" \/><\/figure>\r\n<figure class=\"tiled-gallery__item\"><img decoding=\"async\" role=\"button\" tabindex=\"0\" aria-label=\"Open image 3 of 7 in full-screen\"srcset=\"https:\/\/i0.wp.com\/www.hirsihuvilat.com\/wp-content\/uploads\/2024\/10\/kalastushameenlinna-1024x768.jpg?strip=info&#038;w=600&#038;ssl=1 600w,https:\/\/i0.wp.com\/www.hirsihuvilat.com\/wp-content\/uploads\/2024\/10\/kalastushameenlinna-1024x768.jpg?strip=info&#038;w=900&#038;ssl=1 900w,https:\/\/i0.wp.com\/www.hirsihuvilat.com\/wp-content\/uploads\/2024\/10\/kalastushameenlinna-1024x768.jpg?strip=info&#038;w=1200&#038;ssl=1 1200w\" role=\"button\" src=\"https:\/\/i0.wp.com\/www.hirsihuvilat.com\/wp-content\/uploads\/2024\/10\/kalastushameenlinna-1024x768.jpg?ssl=1\" alt=\"\" data-height=\"900\" data-id=\"6683\" data-link=\"https:\/\/www.hirsihuvilat.com\/kalastushameenlinna\/\" data-url=\"https:\/\/www.hirsihuvilat.com\/wp-content\/uploads\/2024\/10\/kalastushameenlinna-1024x768.jpg\" data-width=\"1200\" data-amp-layout=\"responsive\" aria-label=\"Open image 3 of 7 in full-screen\" \/><\/figure>\r\n<\/div>\r\n<\/div>\r\n<div class=\"tiled-gallery__row\">\r\n<div class=\"tiled-gallery__col\" style=\"flex-basis: 37.90296%;\">\r\n<figure class=\"tiled-gallery__item\"><img decoding=\"async\" role=\"button\" tabindex=\"0\" aria-label=\"Open image 4 of 7 in full-screen\"srcset=\"https:\/\/i0.wp.com\/www.hirsihuvilat.com\/wp-content\/uploads\/2022\/01\/maisema-1024x768.jpg?strip=info&#038;w=600&#038;ssl=1 600w,https:\/\/i0.wp.com\/www.hirsihuvilat.com\/wp-content\/uploads\/2022\/01\/maisema-1024x768.jpg?strip=info&#038;w=900&#038;ssl=1 900w,https:\/\/i0.wp.com\/www.hirsihuvilat.com\/wp-content\/uploads\/2022\/01\/maisema-1024x768.jpg?strip=info&#038;w=1200&#038;ssl=1 1200w,https:\/\/i0.wp.com\/www.hirsihuvilat.com\/wp-content\/uploads\/2022\/01\/maisema-1024x768.jpg?strip=info&#038;w=1500&#038;ssl=1 1500w,https:\/\/i0.wp.com\/www.hirsihuvilat.com\/wp-content\/uploads\/2022\/01\/maisema-1024x768.jpg?strip=info&#038;w=1800&#038;ssl=1 1800w,https:\/\/i0.wp.com\/www.hirsihuvilat.com\/wp-content\/uploads\/2022\/01\/maisema-1024x768.jpg?strip=info&#038;w=2000&#038;ssl=1 2000w\" role=\"button\" src=\"https:\/\/i0.wp.com\/www.hirsihuvilat.com\/wp-content\/uploads\/2022\/01\/maisema-1024x768.jpg?ssl=1\" alt=\"Mies vesilelun p\u00e4\u00e4ll\u00e4 ja silkkiuikku perhe kaislikossa auringonlaskun aikaan.\" data-height=\"1500\" data-id=\"1065\" data-link=\"https:\/\/www.hirsihuvilat.com\/maisema\/\" data-url=\"https:\/\/www.hirsihuvilat.com\/wp-content\/uploads\/2022\/01\/maisema-1024x768.jpg\" data-width=\"2000\" data-amp-layout=\"responsive\" aria-label=\"Open image 4 of 7 in full-screen\" \/><\/figure>\r\n<figure class=\"tiled-gallery__item\"><img decoding=\"async\" role=\"button\" tabindex=\"0\" aria-label=\"Open image 5 of 7 in full-screen\"srcset=\"https:\/\/i0.wp.com\/www.hirsihuvilat.com\/wp-content\/uploads\/2022\/02\/aaaaaaaaa-1024x768.jpg?strip=info&#038;w=600&#038;ssl=1 600w,https:\/\/i0.wp.com\/www.hirsihuvilat.com\/wp-content\/uploads\/2022\/02\/aaaaaaaaa-1024x768.jpg?strip=info&#038;w=900&#038;ssl=1 900w,https:\/\/i0.wp.com\/www.hirsihuvilat.com\/wp-content\/uploads\/2022\/02\/aaaaaaaaa-1024x768.jpg?strip=info&#038;w=1200&#038;ssl=1 1200w,https:\/\/i0.wp.com\/www.hirsihuvilat.com\/wp-content\/uploads\/2022\/02\/aaaaaaaaa-1024x768.jpg?strip=info&#038;w=1500&#038;ssl=1 1500w,https:\/\/i0.wp.com\/www.hirsihuvilat.com\/wp-content\/uploads\/2022\/02\/aaaaaaaaa-1024x768.jpg?strip=info&#038;w=1800&#038;ssl=1 1800w,https:\/\/i0.wp.com\/www.hirsihuvilat.com\/wp-content\/uploads\/2022\/02\/aaaaaaaaa-1024x768.jpg?strip=info&#038;w=2000&#038;ssl=1 2000w\" role=\"button\" src=\"https:\/\/i0.wp.com\/www.hirsihuvilat.com\/wp-content\/uploads\/2022\/02\/aaaaaaaaa-1024x768.jpg?ssl=1\" alt=\"&quot;Oodi-kes\u00e4lle&quot;, pieni tytt\u00f6 kukkaseppele p\u00e4\u00e4ss\u00e4\u00e4n ohrapellon laidalla.\" data-height=\"1500\" data-id=\"1219\" data-link=\"https:\/\/www.hirsihuvilat.com\/aaaaaaaaa\/\" data-url=\"https:\/\/www.hirsihuvilat.com\/wp-content\/uploads\/2022\/02\/aaaaaaaaa-1024x768.jpg\" data-width=\"2000\" data-amp-layout=\"responsive\" aria-label=\"Open image 5 of 7 in full-screen\" \/><\/figure>\r\n<figure class=\"tiled-gallery__item\"><img decoding=\"async\" role=\"button\" tabindex=\"0\" aria-label=\"Open image 6 of 7 in full-screen\"srcset=\"https:\/\/i0.wp.com\/www.hirsihuvilat.com\/wp-content\/uploads\/2025\/03\/game-night-at-the-cottage-1024x683.jpg?strip=info&#038;w=600&#038;ssl=1 600w,https:\/\/i0.wp.com\/www.hirsihuvilat.com\/wp-content\/uploads\/2025\/03\/game-night-at-the-cottage-1024x683.jpg?strip=info&#038;w=900&#038;ssl=1 900w,https:\/\/i0.wp.com\/www.hirsihuvilat.com\/wp-content\/uploads\/2025\/03\/game-night-at-the-cottage-1024x683.jpg?strip=info&#038;w=1200&#038;ssl=1 1200w\" role=\"button\" src=\"https:\/\/i0.wp.com\/www.hirsihuvilat.com\/wp-content\/uploads\/2025\/03\/game-night-at-the-cottage-1024x683.jpg?ssl=1\" alt=\"\" data-height=\"800\" data-id=\"7219\" data-link=\"https:\/\/www.hirsihuvilat.com\/aktiviteetit-hauholla\/game-night-at-the-cottage\/\" data-url=\"https:\/\/www.hirsihuvilat.com\/wp-content\/uploads\/2025\/03\/game-night-at-the-cottage-1024x683.jpg\" data-width=\"1200\" data-amp-layout=\"responsive\" aria-label=\"Open image 6 of 7 in full-screen\" \/><\/figure>\r\n<\/div>\r\n<div class=\"tiled-gallery__col\" style=\"flex-basis: 62.09704%;\">\r\n<figure class=\"tiled-gallery__item\"><img decoding=\"async\" role=\"button\" tabindex=\"0\" aria-label=\"Open image 7 of 7 in full-screen\"srcset=\"https:\/\/i0.wp.com\/www.hirsihuvilat.com\/wp-content\/uploads\/2025\/03\/ice-fishing-with-a-baby-768x1024.jpg?strip=info&#038;w=600&#038;ssl=1 600w,https:\/\/i0.wp.com\/www.hirsihuvilat.com\/wp-content\/uploads\/2025\/03\/ice-fishing-with-a-baby-768x1024.jpg?strip=info&#038;w=900&#038;ssl=1 900w,https:\/\/i0.wp.com\/www.hirsihuvilat.com\/wp-content\/uploads\/2025\/03\/ice-fishing-with-a-baby-768x1024.jpg?strip=info&#038;w=1200&#038;ssl=1 1200w,https:\/\/i0.wp.com\/www.hirsihuvilat.com\/wp-content\/uploads\/2025\/03\/ice-fishing-with-a-baby-768x1024.jpg?strip=info&#038;w=1500&#038;ssl=1 1500w,https:\/\/i0.wp.com\/www.hirsihuvilat.com\/wp-content\/uploads\/2025\/03\/ice-fishing-with-a-baby-768x1024.jpg?strip=info&#038;w=1800&#038;ssl=1 1800w,https:\/\/i0.wp.com\/www.hirsihuvilat.com\/wp-content\/uploads\/2025\/03\/ice-fishing-with-a-baby-768x1024.jpg?strip=info&#038;w=1920&#038;ssl=1 1920w\" role=\"button\" src=\"https:\/\/i0.wp.com\/www.hirsihuvilat.com\/wp-content\/uploads\/2025\/03\/ice-fishing-with-a-baby-768x1024.jpg?ssl=1\" alt=\"\" data-height=\"2560\" data-id=\"7211\" data-link=\"https:\/\/www.hirsihuvilat.com\/aktiviteetit-hauholla\/ice-fishing-with-a-baby\/\" data-url=\"https:\/\/www.hirsihuvilat.com\/wp-content\/uploads\/2025\/03\/ice-fishing-with-a-baby-768x1024.jpg\" data-width=\"1920\" data-amp-layout=\"responsive\" aria-label=\"Open image 7 of 7 in full-screen\" \/><\/figure>\r\n<\/div>\r\n<\/div>\r\n<\/div>\r\n<\/div>\r\n<\/div>\n","protected":false},"excerpt":{"rendered":"<p>Activities in Hauho during your vacation &#8211; Creating Memorable Experiences In addition Lepp\u00e4niemi&#8217;s own specialties: In addition to a traditional vacationing in a cottage Lepp\u00e4niemi provides you with possibilities for fantastic activities according to the season and your own skills.<\/p>\n","protected":false},"author":1,"featured_media":6258,"parent":0,"menu_order":0,"comment_status":"closed","ping_status":"closed","template":"","meta":{"footnotes":""},"class_list":["post-1302","page","type-page","status-publish","has-post-thumbnail","hentry"],"jetpack_sharing_enabled":true,"_links":{"self":[{"href":"https:\/\/www.hirsihuvilat.com\/en\/wp-json\/wp\/v2\/pages\/1302","targetHints":{"allow":["GET"]}}],"collection":[{"href":"https:\/\/www.hirsihuvilat.com\/en\/wp-json\/wp\/v2\/pages"}],"about":[{"href":"https:\/\/www.hirsihuvilat.com\/en\/wp-json\/wp\/v2\/types\/page"}],"author":[{"embeddable":true,"href":"https:\/\/www.hirsihuvilat.com\/en\/wp-json\/wp\/v2\/users\/1"}],"replies":[{"embeddable":true,"href":"https:\/\/www.hirsihuvilat.com\/en\/wp-json\/wp\/v2\/comments?post=1302"}],"version-history":[{"count":14,"href":"https:\/\/www.hirsihuvilat.com\/en\/wp-json\/wp\/v2\/pages\/1302\/revisions"}],"predecessor-version":[{"id":8315,"href":"https:\/\/www.hirsihuvilat.com\/en\/wp-json\/wp\/v2\/pages\/1302\/revisions\/8315"}],"wp:featuredmedia":[{"embeddable":true,"href":"https:\/\/www.hirsihuvilat.com\/en\/wp-json\/wp\/v2\/media\/6258"}],"wp:attachment":[{"href":"https:\/\/www.hirsihuvilat.com\/en\/wp-json\/wp\/v2\/media?parent=1302"}],"curies":[{"name":"wp","href":"https:\/\/api.w.org\/{rel}","templated":true}]}}